{"id":279,"date":"2022-05-23T11:10:26","date_gmt":"2022-05-23T11:10:26","guid":{"rendered":"http:\/\/dummy.xtemos.com\/woodmart2\/megamarket-elementor\/?page_id=279"},"modified":"2023-10-28T17:01:37","modified_gmt":"2023-10-28T17:01:37","slug":"contacto","status":"publish","type":"page","link":"https:\/\/articulosmarquez.com\/en\/contacto\/","title":{"rendered":"Contacto"},"content":{"rendered":"<div data-elementor-type=\"wp-page\" data-elementor-id=\"279\" class=\"elementor elementor-279\">\n\t\t\t\t\t\t<section class=\"elementor-section elementor-top-section elementor-element elementor-element-3ca7616 elementor-section-stretched elementor-section-boxed elementor-section-height-default elementor-section-height-default wd-section-disabled\" data-id=\"3ca7616\" data-element_type=\"section\" data-e-type=\"section\" data-settings=\"{&quot;stretch_section&quot;:&quot;section-stretched&quot;,&quot;background_background&quot;:&quot;gradient&quot;}\">\n\t\t\t\t\t\t<div class=\"elementor-container elementor-column-gap-default\">\n\t\t\t\t\t<div class=\"elementor-column elementor-col-100 elementor-top-column elementor-element elementor-element-5f6ea3e\" data-id=\"5f6ea3e\" data-element_type=\"column\" data-e-type=\"column\">\n\t\t\t<div class=\"elementor-widget-wrap elementor-element-populated\">\n\t\t\t\t\t\t<div class=\"elementor-element elementor-element-0e0e4ed elementor-invisible elementor-widget elementor-widget-wd_title\" data-id=\"0e0e4ed\" data-element_type=\"widget\" data-e-type=\"widget\" data-settings=\"{&quot;_animation&quot;:&quot;fadeInUp&quot;}\" data-widget_type=\"wd_title.default\">\n\t\t\t\t<div class=\"elementor-widget-container\">\n\t\t\t\t\t\t\t<div class=\"title-wrapper set-mb-s reset-last-child wd-title-color-default wd-title-style-default wd-title-size-large text-left\">\n\n\t\t\t\n\t\t\t<div class=\"liner-continer\">\n\t\t\t\t<h1 class=\"woodmart-title-container title wd-fontsize-xxl\">Nuestra ubicaci\u00f3n <\/h1> \n\t\t\t\t\t\t\t<\/div>\n\n\t\t\t\t\t<\/div>\n\t\t\t\t\t\t<\/div>\n\t\t\t\t<\/div>\n\t\t\t\t<div class=\"elementor-element elementor-element-803a952 color-scheme-inherit text-left elementor-invisible elementor-widget elementor-widget-text-editor\" data-id=\"803a952\" data-element_type=\"widget\" data-e-type=\"widget\" data-settings=\"{&quot;_animation&quot;:&quot;fadeInUp&quot;}\" data-widget_type=\"text-editor.default\">\n\t\t\t\t<div class=\"elementor-widget-container\">\n\t\t\t\t\t\t\t\t\t<iframe src=\"https:\/\/www.google.com\/maps\/embed?pb=!1m18!1m12!1m3!1d3732.8919878412976!2d-103.34179298960585!3d20.673972899790837!2m3!1f0!2f0!3f0!3m2!1i1024!2i768!4f13.1!3m3!1m2!1s0x8428b1f3a3bf6939%3A0xe2aa0e79aff69626!2sC.%20%C3%81lvaro%20Obreg%C3%B3n%20165%2C%20San%20Juan%20de%20Dios%2C%2044360%20Guadalajara%2C%20Jal.!5e0!3m2!1ses-419!2smx!4v1694363371266!5m2!1ses-419!2smx\" width=\"600\" height=\"450\" style=\"border:0;\" allowfullscreen=\"\" loading=\"lazy\" referrerpolicy=\"no-referrer-when-downgrade\"><\/iframe>\t\t\t\t\t\t\t\t<\/div>\n\t\t\t\t<\/div>\n\t\t\t\t\t<\/div>\n\t\t<\/div>\n\t\t\t\t\t<\/div>\n\t\t<\/section>\n\t\t\t\t<section class=\"elementor-section elementor-top-section elementor-element elementor-element-8a82234 elementor-section-stretched elementor-section-boxed elementor-section-height-default elementor-section-height-default wd-section-disabled\" data-id=\"8a82234\" data-element_type=\"section\" data-e-type=\"section\" data-settings=\"{&quot;stretch_section&quot;:&quot;section-stretched&quot;,&quot;background_background&quot;:&quot;classic&quot;}\">\n\t\t\t\t\t\t<div class=\"elementor-container elementor-column-gap-default\">\n\t\t\t\t\t<div class=\"elementor-column elementor-col-50 elementor-top-column elementor-element elementor-element-4e789bc\" data-id=\"4e789bc\" data-element_type=\"column\" data-e-type=\"column\">\n\t\t\t<div class=\"elementor-widget-wrap elementor-element-populated\">\n\t\t\t\t\t\t<section class=\"elementor-section elementor-inner-section elementor-element elementor-element-7c0850e elementor-section-boxed elementor-section-height-default elementor-section-height-default wd-section-disabled\" data-id=\"7c0850e\" data-element_type=\"section\" data-e-type=\"section\">\n\t\t\t\t\t\t<div class=\"elementor-container elementor-column-gap-default\">\n\t\t\t\t\t<div class=\"elementor-column elementor-col-100 elementor-inner-column elementor-element elementor-element-aa84636 elementor-invisible\" data-id=\"aa84636\" data-element_type=\"column\" data-e-type=\"column\" data-settings=\"{&quot;animation&quot;:&quot;fadeInUp&quot;}\">\n\t\t\t<div class=\"elementor-widget-wrap elementor-element-populated\">\n\t\t\t\t\t\t<div class=\"elementor-element elementor-element-9b846ce elementor-widget__width-auto elementor-widget elementor-widget-wd_title\" data-id=\"9b846ce\" data-element_type=\"widget\" data-e-type=\"widget\" data-widget_type=\"wd_title.default\">\n\t\t\t\t<div class=\"elementor-widget-container\">\n\t\t\t\t\t\t\t<div class=\"title-wrapper set-mb-s reset-last-child wd-title-color-default wd-title-style-default wd-title-size-default text-left\">\n\n\t\t\t\n\t\t\t<div class=\"liner-continer\">\n\t\t\t\t<h2 class=\"woodmart-title-container title wd-fontsize-l\">Cont\u00e1ctanos<\/h2> \n\t\t\t\t\t\t\t<\/div>\n\n\t\t\t\t\t\t\t<div class=\"title-after_title set-cont-mb-s reset-last-child wd-fontsize-xs\">\n\t\t\t\t\t<p><a href=\"https:\/\/maps.app.goo.gl\/iHVsfh6xbrQQuT9M9\">Calle \u00c1lvaro Obreg\u00f3n #165, Col. San Juan de Dios, Centro. C.P. 44360 Guadalajara, Jalisco M\u00e9xico.<\/a><\/p>\t\t\t\t<\/div>\n\t\t\t\t\t<\/div>\n\t\t\t\t\t\t<\/div>\n\t\t\t\t<\/div>\n\t\t\t\t<div class=\"elementor-element elementor-element-a56e537 elementor-icon-list--layout-traditional elementor-list-item-link-full_width elementor-widget elementor-widget-icon-list\" data-id=\"a56e537\" data-element_type=\"widget\" data-e-type=\"widget\" data-widget_type=\"icon-list.default\">\n\t\t\t\t<div class=\"elementor-widget-container\">\n\t\t\t\t\t\t\t<ul class=\"elementor-icon-list-items\">\n\t\t\t\t\t\t\t<li class=\"elementor-icon-list-item\">\n\t\t\t\t\t\t\t\t\t\t\t<a href=\"tel:3310140197\">\n\n\t\t\t\t\t\t\t\t\t\t\t\t<span class=\"elementor-icon-list-icon\">\n\t\t\t\t\t\t\t<i aria-hidden=\"true\" class=\"fas fa-phone-alt\"><\/i>\t\t\t\t\t\t<\/span>\n\t\t\t\t\t\t\t\t\t\t<span class=\"elementor-icon-list-text\">(33) 1014 0197<\/span>\n\t\t\t\t\t\t\t\t\t\t\t<\/a>\n\t\t\t\t\t\t\t\t\t<\/li>\n\t\t\t\t\t\t\t\t<li class=\"elementor-icon-list-item\">\n\t\t\t\t\t\t\t\t\t\t\t<a href=\"mailto:contacto@articulosmarquez.com\">\n\n\t\t\t\t\t\t\t\t\t\t\t\t<span class=\"elementor-icon-list-icon\">\n\t\t\t\t\t\t\t<i aria-hidden=\"true\" class=\"fas fa-envelope\"><\/i>\t\t\t\t\t\t<\/span>\n\t\t\t\t\t\t\t\t\t\t<span class=\"elementor-icon-list-text\">contacto@articulosmarquez.com<\/span>\n\t\t\t\t\t\t\t\t\t\t\t<\/a>\n\t\t\t\t\t\t\t\t\t<\/li>\n\t\t\t\t\t\t<\/ul>\n\t\t\t\t\t\t<\/div>\n\t\t\t\t<\/div>\n\t\t\t\t\t<\/div>\n\t\t<\/div>\n\t\t\t\t\t<\/div>\n\t\t<\/section>\n\t\t\t\t<section class=\"elementor-section elementor-inner-section elementor-element elementor-element-c6fa283 elementor-section-boxed elementor-section-height-default elementor-section-height-default wd-section-disabled\" data-id=\"c6fa283\" data-element_type=\"section\" data-e-type=\"section\">\n\t\t\t\t\t\t<div class=\"elementor-container elementor-column-gap-default\">\n\t\t\t\t\t<div class=\"elementor-column elementor-col-100 elementor-inner-column elementor-element elementor-element-3189816\" data-id=\"3189816\" data-element_type=\"column\" data-e-type=\"column\">\n\t\t\t<div class=\"elementor-widget-wrap elementor-element-populated\">\n\t\t\t\t\t\t\t<link rel=\"stylesheet\" id=\"wd-int-el-animations-css\" href=\"https:\/\/articulosmarquez.com\/wp-content\/themes\/woodmart\/css\/parts\/int-elem-el-animations.min.css?ver=7.2.5\" type=\"text\/css\" media=\"all\" \/> \t\t\t\t\t<div class=\"elementor-element elementor-element-32b010a e-grid-align-left elementor-shape-rounded elementor-grid-0 elementor-invisible elementor-widget elementor-widget-social-icons\" data-id=\"32b010a\" data-element_type=\"widget\" data-e-type=\"widget\" data-settings=\"{&quot;_animation&quot;:&quot;fadeInUp&quot;}\" data-widget_type=\"social-icons.default\">\n\t\t\t\t<div class=\"elementor-widget-container\">\n\t\t\t\t\t\t\t<div class=\"elementor-social-icons-wrapper elementor-grid\" role=\"list\">\n\t\t\t\t\t\t\t<span class=\"elementor-grid-item\" role=\"listitem\">\n\t\t\t\t\t<a class=\"elementor-icon elementor-social-icon elementor-social-icon-facebook elementor-repeater-item-970569a\" target=\"_blank\">\n\t\t\t\t\t\t<span class=\"elementor-screen-only\">Facebook<\/span>\n\t\t\t\t\t\t<i aria-hidden=\"true\" class=\"fab fa-facebook\"><\/i>\t\t\t\t\t<\/a>\n\t\t\t\t<\/span>\n\t\t\t\t\t\t\t<span class=\"elementor-grid-item\" role=\"listitem\">\n\t\t\t\t\t<a class=\"elementor-icon elementor-social-icon elementor-social-icon-twitter elementor-repeater-item-b46c682\" target=\"_blank\">\n\t\t\t\t\t\t<span class=\"elementor-screen-only\">Twitter<\/span>\n\t\t\t\t\t\t<i aria-hidden=\"true\" class=\"fab fa-twitter\"><\/i>\t\t\t\t\t<\/a>\n\t\t\t\t<\/span>\n\t\t\t\t\t<\/div>\n\t\t\t\t\t\t<\/div>\n\t\t\t\t<\/div>\n\t\t\t\t\t<\/div>\n\t\t<\/div>\n\t\t\t\t\t<\/div>\n\t\t<\/section>\n\t\t\t\t\t<\/div>\n\t\t<\/div>\n\t\t\t\t<div class=\"elementor-column elementor-col-50 elementor-top-column elementor-element elementor-element-66ed4ca\" data-id=\"66ed4ca\" data-element_type=\"column\" data-e-type=\"column\">\n\t\t\t<div class=\"elementor-widget-wrap elementor-element-populated\">\n\t\t\t\t\t\t<section class=\"elementor-section elementor-inner-section elementor-element elementor-element-146a2ef elementor-section-boxed elementor-section-height-default elementor-section-height-default wd-section-disabled\" data-id=\"146a2ef\" data-element_type=\"section\" data-e-type=\"section\">\n\t\t\t\t\t\t<div class=\"elementor-container elementor-column-gap-default\">\n\t\t\t\t\t<div class=\"elementor-column elementor-col-100 elementor-inner-column elementor-element elementor-element-1dcadd0 elementor-invisible\" data-id=\"1dcadd0\" data-element_type=\"column\" data-e-type=\"column\" data-settings=\"{&quot;background_background&quot;:&quot;classic&quot;,&quot;animation&quot;:&quot;fadeInUp&quot;}\">\n\t\t\t<div class=\"elementor-widget-wrap elementor-element-populated\">\n\t\t\t\t\t\t<div class=\"elementor-element elementor-element-7669adf elementor-widget elementor-widget-heading\" data-id=\"7669adf\" data-element_type=\"widget\" data-e-type=\"widget\" data-widget_type=\"heading.default\">\n\t\t\t\t<div class=\"elementor-widget-container\">\n\t\t\t\t\t<h2 class=\"elementor-heading-title elementor-size-default\">Env\u00edanos un mensaje<\/h2>\t\t\t\t<\/div>\n\t\t\t\t<\/div>\n\t\t\t\t<div class=\"elementor-element elementor-element-84f6cbd elementor-widget elementor-widget-wd_contact_form_7\" data-id=\"84f6cbd\" data-element_type=\"widget\" data-e-type=\"widget\" data-widget_type=\"wd_contact_form_7.default\">\n\t\t\t\t<div class=\"elementor-widget-container\">\n\t\t\t\t\t\n<div class=\"wpcf7 no-js\" id=\"wpcf7-f1676-o1\" lang=\"es-MX\" dir=\"ltr\" data-wpcf7-id=\"1676\">\n<div class=\"screen-reader-response\"><p role=\"status\" aria-live=\"polite\" aria-atomic=\"true\"><\/p> <ul><\/ul><\/div>\n<form action=\"\/en\/wp-json\/wp\/v2\/pages\/279#wpcf7-f1676-o1\" method=\"post\" class=\"wpcf7-form init\" aria-label=\"Formulario de contacto\" novalidate=\"novalidate\" data-status=\"init\" data-trp-original-action=\"\/en\/wp-json\/wp\/v2\/pages\/279#wpcf7-f1676-o1\">\n<fieldset class=\"hidden-fields-container\"><input type=\"hidden\" name=\"_wpcf7\" value=\"1676\" \/><input type=\"hidden\" name=\"_wpcf7_version\" value=\"6.1.4\" \/><input type=\"hidden\" name=\"_wpcf7_locale\" value=\"es_MX\" \/><input type=\"hidden\" name=\"_wpcf7_unit_tag\" value=\"wpcf7-f1676-o1\" \/><input type=\"hidden\" name=\"_wpcf7_container_post\" value=\"0\" \/><input type=\"hidden\" name=\"_wpcf7_posted_data_hash\" value=\"\" \/><input type=\"hidden\" name=\"_uacf7_hidden_conditional_fields\" value=\"\" \/><input type=\"hidden\" name=\"_wpcf7_recaptcha_response\" value=\"\" \/>\n<\/fieldset>\n\t\t\t\t<style>\n\t\t\t\t\t.uacf7-uacf7style-1676 label {\n\t\t\t\t\t\tcolor: #9f9f9f;background-color: #fff9f9;font-size: 12px;font-family: Roboto;font-style: normal;font-weight: normal;\t\t\t\t\t}\n\n\t\t\t\t\t.uacf7-uacf7style-1676 input[type=\"email\"],\n\t\t\t\t\t.uacf7-uacf7style-1676 input[type=\"number\"],\n\t\t\t\t\t.uacf7-uacf7style-1676 input[type=\"password\"],\n\t\t\t\t\t.uacf7-uacf7style-1676 input[type=\"search\"],\n\t\t\t\t\t.uacf7-uacf7style-1676 input[type=\"tel\"],\n\t\t\t\t\t.uacf7-uacf7style-1676 input[type=\"text\"],\n\t\t\t\t\t.uacf7-uacf7style-1676 input[type=\"url\"],\n\t\t\t\t\t.uacf7-uacf7style-1676 input[type=\"date\"],\n\t\t\t\t\t.uacf7-uacf7style-1676 input[type=\"radio\"],\n\t\t\t\t\t.uacf7-uacf7style-1676 input[type=\"checkbox\"],\n\t\t\t\t\t.uacf7-uacf7style-1676 select,\n\t\t\t\t\t.uacf7-uacf7style-1676 textarea {\n\t\t\t\t\t\tfont-style: normal;font-weight: normal;border-style: ninguno!important;\t\t\t\t\t}\n\n\t\t\t\t\t.uacf7-uacf7style-1676 .wpcf7-radio span,\n\t\t\t\t\t.uacf7-uacf7style-1676 .wpcf7-checkbox span {\n\t\t\t\t\t\tfont-style: normal;font-weight: normal;\t\t\t\t\t}\n\n\t\t\t\t\t.uacf7-uacf7style-1676 textarea {\n\t\t\t\t\t\t\t\t\t\t\t}\n\n\t\t\t\t\t.wpcf7-form-control-wrap select {\n\t\t\t\t\t\twidth: 100%;\n\t\t\t\t\t}\n\n\t\t\t\t\t.uacf7-uacf7style-1676 input[type=\"submit\"] {\n\t\t\t\t\t\tcolor: #ffffff;background-color: #d68b13;font-size: 14px;font-style: normal;font-weight: normal;border-style: ninguno;\t\t\t\t\t}\n\n\t\t\t\t\t.uacf7-uacf7style-1676 input[type=\"submit\"]:hover {\n\t\t\t\t\t\tcolor: #ffffff;background-color: #d6ad6b;\t\t\t\t\t}\n\n\t\t\t\t\t\t\t\t\t<\/style>\n\n\t\t\t\t<div class=\"uacf7-uacf7style uacf7-uacf7style-1676\"><div class=\"uacf7-form-wrapper-container uacf7-form-1676  uacf7-uacf7style uacf7-uacf7style-1676\"><label>\n    <span class=\"wpcf7-form-control-wrap\" data-name=\"Nombre\"><input size=\"40\" maxlength=\"400\" class=\"wpcf7-form-control wpcf7-text wpcf7-validates-as-required\" aria-required=\"true\" aria-invalid=\"false\" value=\"*Nombre\" type=\"text\" name=\"Nombre\" \/><\/span> <\/label>\n\n<label>\n     <span class=\"wpcf7-form-control-wrap\" data-name=\"Telfono\"><input size=\"40\" maxlength=\"400\" class=\"wpcf7-form-control wpcf7-tel wpcf7-validates-as-required wpcf7-text wpcf7-validates-as-tel\" aria-required=\"true\" aria-invalid=\"false\" placeholder=\"*Tel\u00e9fono\" value=\"\" type=\"tel\" name=\"Telfono\" \/><\/span><\/label>\n\n<label>\n<span class=\"wpcf7-form-control-wrap\" data-name=\"Correoelectrnico\"><input size=\"40\" maxlength=\"400\" class=\"wpcf7-form-control wpcf7-email wpcf7-text wpcf7-validates-as-email\" aria-invalid=\"false\" placeholder=\"Correo Electr\u00f3nico\" value=\"\" type=\"email\" name=\"Correoelectrnico\" \/><\/span> <\/label>\n\n<label> \n    <span class=\"wpcf7-form-control-wrap\" data-name=\"your-message\"><textarea cols=\"40\" rows=\"10\" maxlength=\"2000\" class=\"wpcf7-form-control wpcf7-textarea\" aria-invalid=\"false\" name=\"your-message\">Mensaje<\/textarea><\/span> <\/label>\n\n<span class=\"wpcf7-form-control-wrap recaptcha\" data-name=\"recaptcha\"><span data-sitekey=\"6LdAiskoAAAAAMIwASE80n4_fMG3NxR5X18wb_Yq\" class=\"wpcf7-form-control wpcf7-recaptcha g-recaptcha\"><\/span>\r\n<noscript>\r\n\t<div class=\"grecaptcha-noscript\">\r\n\t\t<iframe src=\"https:\/\/www.google.com\/recaptcha\/api\/fallback?k=6LdAiskoAAAAAMIwASE80n4_fMG3NxR5X18wb_Yq\" frameborder=\"0\" scrolling=\"no\" width=\"310\" height=\"430\">\r\n\t\t<\/iframe>\r\n\t\t<textarea name=\"g-recaptcha-response\" rows=\"3\" cols=\"40\" placeholder=\"Aqu\u00ed la respuesta de reCAPTCHA\">\r\n\t\t<\/textarea>\r\n\t<\/div>\r\n<\/noscript>\r\n<\/span>\n<input class=\"wpcf7-form-control wpcf7-submit has-spinner\" type=\"submit\" value=\"Enviar\" \/><\/div><\/div><div class=\"wpcf7-response-output\" aria-hidden=\"true\"><\/div>\n<input type=\"hidden\" name=\"trp-form-language\" value=\"en\"\/><\/form>\n<\/div>\n\t\t\t\t<\/div>\n\t\t\t\t<\/div>\n\t\t\t\t\t<\/div>\n\t\t<\/div>\n\t\t\t\t\t<\/div>\n\t\t<\/section>\n\t\t\t\t\t<\/div>\n\t\t<\/div>\n\t\t\t\t\t<\/div>\n\t\t<\/section>\n\t\t\t\t<\/div>","protected":false},"excerpt":{"rendered":"<p>Nuestra ubicaci\u00f3n Cont\u00e1ctanos Calle \u00c1lvaro Obreg\u00f3n #165, Col. San Juan de Dios, Centro. C.P. 44360 Guadalajara, Jalisco M\u00e9xico. (33) 1014<\/p>","protected":false},"author":1,"featured_media":0,"parent":0,"menu_order":0,"comment_status":"closed","ping_status":"closed","template":"","meta":{"footnotes":""},"class_list":["post-279","page","type-page","status-publish","hentry"],"yoast_head":"<!-- This site is optimized with the Yoast SEO plugin v26.9 - https:\/\/yoast.com\/product\/yoast-seo-wordpress\/ -->\n<title>Ponte en contacto con nosotros | Art\u00edculos Marquez<\/title>\n<meta name=\"description\" content=\"\u00a1Cont\u00e1ctanos en Cinturones M\u00e1rquez! Estamos aqu\u00ed para ayudarte con tus art\u00edculos de cuero artesanales favoritos.\" \/>\n<meta name=\"robots\" content=\"index, follow, max-snippet:-1, max-image-preview:large, max-video-preview:-1\" \/>\n<link rel=\"canonical\" href=\"https:\/\/articulosmarquez.com\/en\/contacto\/\" \/>\n<meta property=\"og:locale\" content=\"en_US\" \/>\n<meta property=\"og:type\" content=\"article\" \/>\n<meta property=\"og:title\" content=\"Ponte en contacto con nosotros | Art\u00edculos Marquez\" \/>\n<meta property=\"og:description\" content=\"\u00a1Cont\u00e1ctanos en Cinturones M\u00e1rquez! Estamos aqu\u00ed para ayudarte con tus art\u00edculos de cuero artesanales favoritos.\" \/>\n<meta property=\"og:url\" content=\"https:\/\/articulosmarquez.com\/en\/contacto\/\" \/>\n<meta property=\"og:site_name\" content=\"Art\u00edculos Marquez\" \/>\n<meta property=\"article:modified_time\" content=\"2023-10-28T17:01:37+00:00\" \/>\n<meta property=\"og:image\" content=\"https:\/\/articulosmarquez.com\/wp-content\/uploads\/2023\/08\/Logo-Nav.webp\" \/>\n\t<meta property=\"og:image:width\" content=\"75\" \/>\n\t<meta property=\"og:image:height\" content=\"79\" \/>\n\t<meta property=\"og:image:type\" content=\"image\/webp\" \/>\n<meta name=\"twitter:card\" content=\"summary_large_image\" \/>\n<meta name=\"twitter:label1\" content=\"Est. reading time\" \/>\n\t<meta name=\"twitter:data1\" content=\"1 minute\" \/>\n<script type=\"application\/ld+json\" class=\"yoast-schema-graph\">{\"@context\":\"https:\/\/schema.org\",\"@graph\":[{\"@type\":\"WebPage\",\"@id\":\"https:\/\/articulosmarquez.com\/contacto\/\",\"url\":\"https:\/\/articulosmarquez.com\/contacto\/\",\"name\":\"Ponte en contacto con nosotros | Art\u00edculos Marquez\",\"isPartOf\":{\"@id\":\"https:\/\/articulosmarquez.com\/#website\"},\"datePublished\":\"2022-05-23T11:10:26+00:00\",\"dateModified\":\"2023-10-28T17:01:37+00:00\",\"description\":\"\u00a1Cont\u00e1ctanos en Cinturones M\u00e1rquez! Estamos aqu\u00ed para ayudarte con tus art\u00edculos de cuero artesanales favoritos.\",\"breadcrumb\":{\"@id\":\"https:\/\/articulosmarquez.com\/contacto\/#breadcrumb\"},\"inLanguage\":\"en-US\",\"potentialAction\":[{\"@type\":\"ReadAction\",\"target\":[\"https:\/\/articulosmarquez.com\/contacto\/\"]}]},{\"@type\":\"BreadcrumbList\",\"@id\":\"https:\/\/articulosmarquez.com\/contacto\/#breadcrumb\",\"itemListElement\":[{\"@type\":\"ListItem\",\"position\":1,\"name\":\"Inicio\",\"item\":\"https:\/\/articulosmarquez.com\/\"},{\"@type\":\"ListItem\",\"position\":2,\"name\":\"Contacto\"}]},{\"@type\":\"WebSite\",\"@id\":\"https:\/\/articulosmarquez.com\/#website\",\"url\":\"https:\/\/articulosmarquez.com\/\",\"name\":\"Cinturones Marquez\",\"description\":\"\",\"publisher\":{\"@id\":\"https:\/\/articulosmarquez.com\/#organization\"},\"alternateName\":\"Cinturones Marquez\",\"potentialAction\":[{\"@type\":\"SearchAction\",\"target\":{\"@type\":\"EntryPoint\",\"urlTemplate\":\"https:\/\/articulosmarquez.com\/?s={search_term_string}\"},\"query-input\":{\"@type\":\"PropertyValueSpecification\",\"valueRequired\":true,\"valueName\":\"search_term_string\"}}],\"inLanguage\":\"en-US\"},{\"@type\":\"Organization\",\"@id\":\"https:\/\/articulosmarquez.com\/#organization\",\"name\":\"Cinturones Marquez\",\"alternateName\":\"Cinturones Marquez\",\"url\":\"https:\/\/articulosmarquez.com\/\",\"logo\":{\"@type\":\"ImageObject\",\"inLanguage\":\"en-US\",\"@id\":\"https:\/\/articulosmarquez.com\/#\/schema\/logo\/image\/\",\"url\":\"https:\/\/articulosmarquez.com\/wp-content\/uploads\/2023\/08\/Logo-Nav.webp\",\"contentUrl\":\"https:\/\/articulosmarquez.com\/wp-content\/uploads\/2023\/08\/Logo-Nav.webp\",\"width\":75,\"height\":79,\"caption\":\"Cinturones Marquez\"},\"image\":{\"@id\":\"https:\/\/articulosmarquez.com\/#\/schema\/logo\/image\/\"}}]}<\/script>\n<!-- \/ Yoast SEO plugin. -->","yoast_head_json":{"title":"Ponte en contacto con nosotros | Art\u00edculos Marquez","description":"\u00a1Cont\u00e1ctanos en Cinturones M\u00e1rquez! Estamos aqu\u00ed para ayudarte con tus art\u00edculos de cuero artesanales favoritos.","robots":{"index":"index","follow":"follow","max-snippet":"max-snippet:-1","max-image-preview":"max-image-preview:large","max-video-preview":"max-video-preview:-1"},"canonical":"https:\/\/articulosmarquez.com\/en\/contacto\/","og_locale":"en_US","og_type":"article","og_title":"Ponte en contacto con nosotros | Art\u00edculos Marquez","og_description":"\u00a1Cont\u00e1ctanos en Cinturones M\u00e1rquez! Estamos aqu\u00ed para ayudarte con tus art\u00edculos de cuero artesanales favoritos.","og_url":"https:\/\/articulosmarquez.com\/en\/contacto\/","og_site_name":"Art\u00edculos Marquez","article_modified_time":"2023-10-28T17:01:37+00:00","og_image":[{"width":75,"height":79,"url":"https:\/\/articulosmarquez.com\/wp-content\/uploads\/2023\/08\/Logo-Nav.webp","type":"image\/webp"}],"twitter_card":"summary_large_image","twitter_misc":{"Est. reading time":"1 minute"},"schema":{"@context":"https:\/\/schema.org","@graph":[{"@type":"WebPage","@id":"https:\/\/articulosmarquez.com\/contacto\/","url":"https:\/\/articulosmarquez.com\/contacto\/","name":"Ponte en contacto con nosotros | Art\u00edculos Marquez","isPartOf":{"@id":"https:\/\/articulosmarquez.com\/#website"},"datePublished":"2022-05-23T11:10:26+00:00","dateModified":"2023-10-28T17:01:37+00:00","description":"\u00a1Cont\u00e1ctanos en Cinturones M\u00e1rquez! Estamos aqu\u00ed para ayudarte con tus art\u00edculos de cuero artesanales favoritos.","breadcrumb":{"@id":"https:\/\/articulosmarquez.com\/contacto\/#breadcrumb"},"inLanguage":"en-US","potentialAction":[{"@type":"ReadAction","target":["https:\/\/articulosmarquez.com\/contacto\/"]}]},{"@type":"BreadcrumbList","@id":"https:\/\/articulosmarquez.com\/contacto\/#breadcrumb","itemListElement":[{"@type":"ListItem","position":1,"name":"Inicio","item":"https:\/\/articulosmarquez.com\/"},{"@type":"ListItem","position":2,"name":"Contacto"}]},{"@type":"WebSite","@id":"https:\/\/articulosmarquez.com\/#website","url":"https:\/\/articulosmarquez.com\/","name":"Cinturones Marquez","description":"","publisher":{"@id":"https:\/\/articulosmarquez.com\/#organization"},"alternateName":"Cinturones Marquez","potentialAction":[{"@type":"SearchAction","target":{"@type":"EntryPoint","urlTemplate":"https:\/\/articulosmarquez.com\/?s={search_term_string}"},"query-input":{"@type":"PropertyValueSpecification","valueRequired":true,"valueName":"search_term_string"}}],"inLanguage":"en-US"},{"@type":"Organization","@id":"https:\/\/articulosmarquez.com\/#organization","name":"Cinturones Marquez","alternateName":"Cinturones Marquez","url":"https:\/\/articulosmarquez.com\/","logo":{"@type":"ImageObject","inLanguage":"en-US","@id":"https:\/\/articulosmarquez.com\/#\/schema\/logo\/image\/","url":"https:\/\/articulosmarquez.com\/wp-content\/uploads\/2023\/08\/Logo-Nav.webp","contentUrl":"https:\/\/articulosmarquez.com\/wp-content\/uploads\/2023\/08\/Logo-Nav.webp","width":75,"height":79,"caption":"Cinturones Marquez"},"image":{"@id":"https:\/\/articulosmarquez.com\/#\/schema\/logo\/image\/"}}]}},"_links":{"self":[{"href":"https:\/\/articulosmarquez.com\/en\/wp-json\/wp\/v2\/pages\/279","targetHints":{"allow":["GET"]}}],"collection":[{"href":"https:\/\/articulosmarquez.com\/en\/wp-json\/wp\/v2\/pages"}],"about":[{"href":"https:\/\/articulosmarquez.com\/en\/wp-json\/wp\/v2\/types\/page"}],"author":[{"embeddable":true,"href":"https:\/\/articulosmarquez.com\/en\/wp-json\/wp\/v2\/users\/1"}],"replies":[{"embeddable":true,"href":"https:\/\/articulosmarquez.com\/en\/wp-json\/wp\/v2\/comments?post=279"}],"version-history":[{"count":13,"href":"https:\/\/articulosmarquez.com\/en\/wp-json\/wp\/v2\/pages\/279\/revisions"}],"predecessor-version":[{"id":3355,"href":"https:\/\/articulosmarquez.com\/en\/wp-json\/wp\/v2\/pages\/279\/revisions\/3355"}],"wp:attachment":[{"href":"https:\/\/articulosmarquez.com\/en\/wp-json\/wp\/v2\/media?parent=279"}],"curies":[{"name":"wp","href":"https:\/\/api.w.org\/{rel}","templated":true}]}}