{"id":3,"date":"2023-08-22T22:18:48","date_gmt":"2023-08-22T22:18:48","guid":{"rendered":"https:\/\/articulosmarquez.com\/?page_id=3"},"modified":"2023-09-21T00:30:10","modified_gmt":"2023-09-21T00:30:10","slug":"politica-privacidad","status":"publish","type":"page","link":"https:\/\/articulosmarquez.com\/en\/politica-privacidad\/","title":{"rendered":"Pol\u00edtica de privacidad"},"content":{"rendered":"<div data-elementor-type=\"wp-page\" data-elementor-id=\"3\" class=\"elementor elementor-3\">\n\t\t\t\t\t\t<section class=\"elementor-section elementor-top-section elementor-element elementor-element-38a02859 elementor-section-boxed elementor-section-height-default elementor-section-height-default wd-section-disabled\" data-id=\"38a02859\" data-element_type=\"section\" data-e-type=\"section\">\n\t\t\t\t\t\t<div class=\"elementor-container elementor-column-gap-default\">\n\t\t\t\t\t<div class=\"elementor-column elementor-col-100 elementor-top-column elementor-element elementor-element-b9aaca5\" data-id=\"b9aaca5\" data-element_type=\"column\" data-e-type=\"column\">\n\t\t\t<div class=\"elementor-widget-wrap elementor-element-populated\">\n\t\t\t\t\t\t<div class=\"elementor-element elementor-element-1b4ddf6 color-scheme-inherit text-left elementor-widget elementor-widget-text-editor\" data-id=\"1b4ddf6\" data-element_type=\"widget\" data-e-type=\"widget\" data-widget_type=\"text-editor.default\">\n\t\t\t\t<div class=\"elementor-widget-container\">\n\t\t\t\t\t\t\t\t\t\n<p><span style=\"font-weight: 400;\">Con fundamento en los art\u00edculos 15 y 16 de la Ley Federal de Protecci\u00f3n de Datos Personales en Posesi\u00f3n de Particulares hacemos de su conocimiento que \u201cJos\u00e9 Luis M\u00e1rquez\u201d., con domicilio en \u201cCalle \u00c1lvaro Obreg\u00f3n #165, Col. San Juan de Dios, Centro. C.P. 44360 Guadalajara, Jalisco M\u00e9xico\u201d es responsable de recabar sus datos personales, del uso que se le d\u00e9 a los mismos y de su protecci\u00f3n.<\/span><\/p>\n<p><span style=\"font-weight: 400;\">Su informaci\u00f3n personal ser\u00e1 utilizada para las siguientes finalidades: proveer los servicios y productos que ha solicitado; notificarle sobre nuevos servicios o productos que tengan relaci\u00f3n con los ya contratados o adquiridos; comunicarle sobre cambios en los mismos; elaborar estudios y programas que son necesarios para determinar h\u00e1bitos de consumo; realizar evaluaciones peri\u00f3dicas de nuestros productos y servicios a efecto de mejorar la calidad de los mismos; evaluar la calidad del servicio que brindamos, y en general, para dar cumplimiento a las obligaciones que hemos contra\u00eddo con usted.<\/span><\/p>\n<p><span style=\"font-weight: 400;\">Para las finalidades antes mencionadas, requerimos obtener los siguientes datos personales:<\/span><\/p>\n<ul>\n<li><span style=\"font-weight: 400;\"> Nombre completo<\/span><\/li>\n<li><span style=\"font-weight: 400;\"> Tel\u00e9fono<\/span><\/li>\n<li><span style=\"font-weight: 400;\"> Correo electr\u00f3nico<\/span><\/li>\n<\/ul>\n<p><span style=\"font-weight: 400;\">Es importante informarle que usted tiene derecho al Acceso, Rectificaci\u00f3n y Cancelaci\u00f3n de sus datos personales, a Oponerse al tratamiento de los mismos o a revocar el consentimiento que para dicho fin nos haya otorgado.<\/span><\/p>\n<p><span style=\"font-weight: 400;\">Para ello, es necesario que env\u00ede la solicitud en los t\u00e9rminos que marca la Ley en su Art. 29 a Departamento de Protecci\u00f3n de Datos Personales., responsable de nuestro Departamento de Protecci\u00f3n de Datos Personales, ubicado en Calle \u00c1lvaro Obreg\u00f3n #165, Col. San Juan de Dios, Centro. C.P. 44360 Guadalajara, Jalisco M\u00e9xico\u201d o bien, se comunique al tel\u00e9fono (33) 36 18 22 29 o v\u00eda correo electr\u00f3nico a ventas@cinturonesmarquez.com, el cual solicitamos confirme v\u00eda telef\u00f3nica para garantizar su correcta recepci\u00f3n.<\/span><\/p>\n<p><span style=\"font-weight: 400;\">En alunos casos, podemos usar Cookies para recopilar informaci\u00f3n que permite la identificaci\u00f3n personal, o que podr\u00eda pasar a permitir la identificaci\u00f3n personal, si la combinamos con otra informaci\u00f3n.<\/span><\/p>\n<p><span style=\"font-weight: 400;\">Mientras navegas en \u201cJos\u00e9 Luis M\u00e1rquez\u201d las redes de publicidad en l\u00ednea con las que trabajamos pueden colocar cookies an\u00f3nimas en el equipo, y el uso de tecnolog\u00edas similares, con el fin de entender sus intereses en funci\u00f3n de sus (an\u00f3nimos) las actividades en l\u00ednea, y as\u00ed adaptar anuncios m\u00e1s relevantes a usted.<\/span><\/p>\n<p><span style=\"font-weight: 400;\">En caso de que no desee de recibir mensajes promocionales de nuestra parte, puede enviarnos su solicitud por medio de la direcci\u00f3n electr\u00f3nica: ventas@cinturonesmarquez.com<\/span><\/p>\n<p><span style=\"font-weight: 400;\">Importante: Cualquier modificaci\u00f3n a este Aviso de Privacidad podr\u00e1 consultarlo en www.protecciondedatospersonales.org<\/span><\/p>\n\t\t\t\t\t\t\t\t<\/div>\n\t\t\t\t<\/div>\n\t\t\t\t\t<\/div>\n\t\t<\/div>\n\t\t\t\t\t<\/div>\n\t\t<\/section>\n\t\t\t\t<\/div>","protected":false},"excerpt":{"rendered":"<p>Con fundamento en los art\u00edculos 15 y 16 de la Ley Federal de Protecci\u00f3n de Datos Personales en Posesi\u00f3n de<\/p>","protected":false},"author":1,"featured_media":0,"parent":0,"menu_order":0,"comment_status":"closed","ping_status":"closed","template":"elementor_header_footer","meta":{"footnotes":""},"class_list":["post-3","page","type-page","status-publish","hentry"],"yoast_head":"<!-- This site is optimized with the Yoast SEO plugin v26.9 - https:\/\/yoast.com\/product\/yoast-seo-wordpress\/ -->\n<title>Pol\u00edtica de privacidad | Art\u00edculos Marquez<\/title>\n<meta name=\"description\" content=\"Tu privacidad es importante. Descubre c\u00f3mo protegemos tus datos en Cinturones M\u00e1rquez. Aviso de privacidad y seguridad.\" \/>\n<meta name=\"robots\" content=\"index, follow, max-snippet:-1, max-image-preview:large, max-video-preview:-1\" \/>\n<link rel=\"canonical\" href=\"https:\/\/articulosmarquez.com\/en\/politica-privacidad\/\" \/>\n<meta property=\"og:locale\" content=\"en_US\" \/>\n<meta property=\"og:type\" content=\"article\" \/>\n<meta property=\"og:title\" content=\"Pol\u00edtica de privacidad | Art\u00edculos Marquez\" \/>\n<meta property=\"og:description\" content=\"Tu privacidad es importante. Descubre c\u00f3mo protegemos tus datos en Cinturones M\u00e1rquez. Aviso de privacidad y seguridad.\" \/>\n<meta property=\"og:url\" content=\"https:\/\/articulosmarquez.com\/en\/politica-privacidad\/\" \/>\n<meta property=\"og:site_name\" content=\"Art\u00edculos Marquez\" \/>\n<meta property=\"article:modified_time\" content=\"2023-09-21T00:30:10+00:00\" \/>\n<meta property=\"og:image\" content=\"https:\/\/articulosmarquez.com\/wp-content\/uploads\/2023\/08\/Logo-Nav.webp\" \/>\n\t<meta property=\"og:image:width\" content=\"75\" \/>\n\t<meta property=\"og:image:height\" content=\"79\" \/>\n\t<meta property=\"og:image:type\" content=\"image\/webp\" \/>\n<meta name=\"twitter:card\" content=\"summary_large_image\" \/>\n<meta name=\"twitter:label1\" content=\"Est. reading time\" \/>\n\t<meta name=\"twitter:data1\" content=\"2 minutes\" \/>\n<script type=\"application\/ld+json\" class=\"yoast-schema-graph\">{\"@context\":\"https:\/\/schema.org\",\"@graph\":[{\"@type\":\"WebPage\",\"@id\":\"https:\/\/articulosmarquez.com\/politica-privacidad\/\",\"url\":\"https:\/\/articulosmarquez.com\/politica-privacidad\/\",\"name\":\"Pol\u00edtica de privacidad | Art\u00edculos Marquez\",\"isPartOf\":{\"@id\":\"https:\/\/articulosmarquez.com\/#website\"},\"datePublished\":\"2023-08-22T22:18:48+00:00\",\"dateModified\":\"2023-09-21T00:30:10+00:00\",\"description\":\"Tu privacidad es importante. Descubre c\u00f3mo protegemos tus datos en Cinturones M\u00e1rquez. Aviso de privacidad y seguridad.\",\"breadcrumb\":{\"@id\":\"https:\/\/articulosmarquez.com\/politica-privacidad\/#breadcrumb\"},\"inLanguage\":\"en-US\",\"potentialAction\":[{\"@type\":\"ReadAction\",\"target\":[\"https:\/\/articulosmarquez.com\/politica-privacidad\/\"]}]},{\"@type\":\"BreadcrumbList\",\"@id\":\"https:\/\/articulosmarquez.com\/politica-privacidad\/#breadcrumb\",\"itemListElement\":[{\"@type\":\"ListItem\",\"position\":1,\"name\":\"Inicio\",\"item\":\"https:\/\/articulosmarquez.com\/\"},{\"@type\":\"ListItem\",\"position\":2,\"name\":\"Pol\u00edtica de privacidad\"}]},{\"@type\":\"WebSite\",\"@id\":\"https:\/\/articulosmarquez.com\/#website\",\"url\":\"https:\/\/articulosmarquez.com\/\",\"name\":\"Cinturones Marquez\",\"description\":\"\",\"publisher\":{\"@id\":\"https:\/\/articulosmarquez.com\/#organization\"},\"alternateName\":\"Cinturones Marquez\",\"potentialAction\":[{\"@type\":\"SearchAction\",\"target\":{\"@type\":\"EntryPoint\",\"urlTemplate\":\"https:\/\/articulosmarquez.com\/?s={search_term_string}\"},\"query-input\":{\"@type\":\"PropertyValueSpecification\",\"valueRequired\":true,\"valueName\":\"search_term_string\"}}],\"inLanguage\":\"en-US\"},{\"@type\":\"Organization\",\"@id\":\"https:\/\/articulosmarquez.com\/#organization\",\"name\":\"Cinturones Marquez\",\"alternateName\":\"Cinturones Marquez\",\"url\":\"https:\/\/articulosmarquez.com\/\",\"logo\":{\"@type\":\"ImageObject\",\"inLanguage\":\"en-US\",\"@id\":\"https:\/\/articulosmarquez.com\/#\/schema\/logo\/image\/\",\"url\":\"https:\/\/articulosmarquez.com\/wp-content\/uploads\/2023\/08\/Logo-Nav.webp\",\"contentUrl\":\"https:\/\/articulosmarquez.com\/wp-content\/uploads\/2023\/08\/Logo-Nav.webp\",\"width\":75,\"height\":79,\"caption\":\"Cinturones Marquez\"},\"image\":{\"@id\":\"https:\/\/articulosmarquez.com\/#\/schema\/logo\/image\/\"}}]}<\/script>\n<!-- \/ Yoast SEO plugin. -->","yoast_head_json":{"title":"Pol\u00edtica de privacidad | Art\u00edculos Marquez","description":"Tu privacidad es importante. Descubre c\u00f3mo protegemos tus datos en Cinturones M\u00e1rquez. Aviso de privacidad y seguridad.","robots":{"index":"index","follow":"follow","max-snippet":"max-snippet:-1","max-image-preview":"max-image-preview:large","max-video-preview":"max-video-preview:-1"},"canonical":"https:\/\/articulosmarquez.com\/en\/politica-privacidad\/","og_locale":"en_US","og_type":"article","og_title":"Pol\u00edtica de privacidad | Art\u00edculos Marquez","og_description":"Tu privacidad es importante. Descubre c\u00f3mo protegemos tus datos en Cinturones M\u00e1rquez. Aviso de privacidad y seguridad.","og_url":"https:\/\/articulosmarquez.com\/en\/politica-privacidad\/","og_site_name":"Art\u00edculos Marquez","article_modified_time":"2023-09-21T00:30:10+00:00","og_image":[{"width":75,"height":79,"url":"https:\/\/articulosmarquez.com\/wp-content\/uploads\/2023\/08\/Logo-Nav.webp","type":"image\/webp"}],"twitter_card":"summary_large_image","twitter_misc":{"Est. reading time":"2 minutes"},"schema":{"@context":"https:\/\/schema.org","@graph":[{"@type":"WebPage","@id":"https:\/\/articulosmarquez.com\/politica-privacidad\/","url":"https:\/\/articulosmarquez.com\/politica-privacidad\/","name":"Pol\u00edtica de privacidad | Art\u00edculos Marquez","isPartOf":{"@id":"https:\/\/articulosmarquez.com\/#website"},"datePublished":"2023-08-22T22:18:48+00:00","dateModified":"2023-09-21T00:30:10+00:00","description":"Tu privacidad es importante. Descubre c\u00f3mo protegemos tus datos en Cinturones M\u00e1rquez. Aviso de privacidad y seguridad.","breadcrumb":{"@id":"https:\/\/articulosmarquez.com\/politica-privacidad\/#breadcrumb"},"inLanguage":"en-US","potentialAction":[{"@type":"ReadAction","target":["https:\/\/articulosmarquez.com\/politica-privacidad\/"]}]},{"@type":"BreadcrumbList","@id":"https:\/\/articulosmarquez.com\/politica-privacidad\/#breadcrumb","itemListElement":[{"@type":"ListItem","position":1,"name":"Inicio","item":"https:\/\/articulosmarquez.com\/"},{"@type":"ListItem","position":2,"name":"Pol\u00edtica de privacidad"}]},{"@type":"WebSite","@id":"https:\/\/articulosmarquez.com\/#website","url":"https:\/\/articulosmarquez.com\/","name":"Cinturones Marquez","description":"","publisher":{"@id":"https:\/\/articulosmarquez.com\/#organization"},"alternateName":"Cinturones Marquez","potentialAction":[{"@type":"SearchAction","target":{"@type":"EntryPoint","urlTemplate":"https:\/\/articulosmarquez.com\/?s={search_term_string}"},"query-input":{"@type":"PropertyValueSpecification","valueRequired":true,"valueName":"search_term_string"}}],"inLanguage":"en-US"},{"@type":"Organization","@id":"https:\/\/articulosmarquez.com\/#organization","name":"Cinturones Marquez","alternateName":"Cinturones Marquez","url":"https:\/\/articulosmarquez.com\/","logo":{"@type":"ImageObject","inLanguage":"en-US","@id":"https:\/\/articulosmarquez.com\/#\/schema\/logo\/image\/","url":"https:\/\/articulosmarquez.com\/wp-content\/uploads\/2023\/08\/Logo-Nav.webp","contentUrl":"https:\/\/articulosmarquez.com\/wp-content\/uploads\/2023\/08\/Logo-Nav.webp","width":75,"height":79,"caption":"Cinturones Marquez"},"image":{"@id":"https:\/\/articulosmarquez.com\/#\/schema\/logo\/image\/"}}]}},"_links":{"self":[{"href":"https:\/\/articulosmarquez.com\/en\/wp-json\/wp\/v2\/pages\/3","targetHints":{"allow":["GET"]}}],"collection":[{"href":"https:\/\/articulosmarquez.com\/en\/wp-json\/wp\/v2\/pages"}],"about":[{"href":"https:\/\/articulosmarquez.com\/en\/wp-json\/wp\/v2\/types\/page"}],"author":[{"embeddable":true,"href":"https:\/\/articulosmarquez.com\/en\/wp-json\/wp\/v2\/users\/1"}],"replies":[{"embeddable":true,"href":"https:\/\/articulosmarquez.com\/en\/wp-json\/wp\/v2\/comments?post=3"}],"version-history":[{"count":0,"href":"https:\/\/articulosmarquez.com\/en\/wp-json\/wp\/v2\/pages\/3\/revisions"}],"wp:attachment":[{"href":"https:\/\/articulosmarquez.com\/en\/wp-json\/wp\/v2\/media?parent=3"}],"curies":[{"name":"wp","href":"https:\/\/api.w.org\/{rel}","templated":true}]}}